{"id":4039,"date":"2025-03-19T03:14:11","date_gmt":"2025-03-19T02:14:11","guid":{"rendered":"https:\/\/museenat-moudjahid.dz\/?page_id=4039"},"modified":"2025-03-19T03:17:50","modified_gmt":"2025-03-19T02:17:50","slug":"kidsfr","status":"publish","type":"page","link":"https:\/\/museenat-moudjahid.dz\/?page_id=4039&lang=fr","title":{"rendered":"KidsFr"},"content":{"rendered":"\t\t<div data-elementor-type=\"wp-page\" data-elementor-id=\"4039\" class=\"elementor elementor-4039\">\n\t\t\t\t<div class=\"elementor-element elementor-element-32d9a17 e-con-full e-flex e-con e-parent\" data-id=\"32d9a17\" data-element_type=\"container\" data-e-type=\"container\" data-settings=\"{&quot;background_background&quot;:&quot;video&quot;,&quot;background_video_link&quot;:&quot;https:\\\/\\\/www.youtube.com\\\/watch?v=NMbwCC4v5Tk&quot;,&quot;background_play_on_mobile&quot;:&quot;yes&quot;}\">\n\t\t<div class=\"elementor-background-video-container\">\n\t\t\t\t\t\t\t<div class=\"elementor-background-video-embed\" role=\"presentation\"><\/div>\n\t\t\t\t\t\t<\/div><div class=\"elementor-element elementor-element-6f5113b e-flex e-con-boxed e-con e-child\" data-id=\"6f5113b\" data-element_type=\"container\" data-e-type=\"container\">\n\t\t\t\t\t<div class=\"e-con-inner\">\n\t\t\t\t<div class=\"elementor-element elementor-element-411d8a6 elementor-widget elementor-widget-icon-box\" data-id=\"411d8a6\" data-element_type=\"widget\" data-e-type=\"widget\" data-widget_type=\"icon-box.default\">\n\t\t\t\t<div class=\"elementor-widget-container\">\n\t\t\t\t\t\t\t<div class=\"elementor-icon-box-wrapper\">\n\n\t\t\t\n\t\t\t\t\t\t<div class=\"elementor-icon-box-content\">\n\n\t\t\t\t\t\t\t\t\t<h1 class=\"elementor-icon-box-title\">\n\t\t\t\t\t\t<span  >\n\t\t\t\t\t\t\tPetit Explorateur\t\t\t\t\t\t<\/span>\n\t\t\t\t\t<\/h1>\n\t\t\t\t\n\t\t\t\t\t\t\t\t\t<p class=\"elementor-icon-box-description\">\n\t\t\t\t\t\tUn voyage interactif et amusant !\n\n\t\t\t\t\t<\/p>\n\t\t\t\t\n\t\t\t<\/div>\n\t\t\t\n\t\t<\/div>\n\t\t\t\t\t\t<\/div>\n\t\t\t\t<\/div>\n\t\t\t\t\t<\/div>\n\t\t\t\t<\/div>\n\t\t\t\t<\/div>\n\t\t<div class=\"elementor-element elementor-element-84596b5 e-flex e-con-boxed e-con e-parent\" data-id=\"84596b5\" data-element_type=\"container\" data-e-type=\"container\" data-settings=\"{&quot;background_background&quot;:&quot;classic&quot;}\">\n\t\t\t\t\t<div class=\"e-con-inner\">\n\t\t<div class=\"elementor-element elementor-element-39723c3 e-con-full e-flex e-con e-child\" data-id=\"39723c3\" data-element_type=\"container\" data-e-type=\"container\">\n\t\t\t\t<div class=\"elementor-element elementor-element-a4bc363 elementor-widget elementor-widget-text-editor\" data-id=\"a4bc363\" data-element_type=\"widget\" data-e-type=\"widget\" data-widget_type=\"text-editor.default\">\n\t\t\t\t<div class=\"elementor-widget-container\">\n\t\t\t\t\t\t\t\t\t<p data-start=\"939\" data-end=\"1120\">Bienvenue sur <em data-start=\"953\" data-end=\"972\">Petit Explorateur<\/em>, un espace interactif sp\u00e9cialement con\u00e7u pour \u00e9veiller la curiosit\u00e9 des enfants et enrichir leurs connaissances de mani\u00e8re ludique et innovante !<\/p><p data-start=\"1122\" data-end=\"1427\">Ici, vos enfants partent pour une aventure passionnante \u00e0 travers l\u2019histoire, o\u00f9 ils peuvent regarder des images et des vid\u00e9os racontant les exploits des h\u00e9ros de l\u2019Alg\u00e9rie, et vivre des exp\u00e9riences \u00e9ducatives interactives gr\u00e2ce \u00e0 des jeux qui d\u00e9veloppent leurs comp\u00e9tences intellectuelles et cr\u00e9atives.<\/p><p data-start=\"1429\" data-end=\"1781\" data-is-last-node=\"\" data-is-only-node=\"\">Avec un design attrayant et un contenu unique, les enfants d\u00e9couvriront des histoires inspirantes et des batailles h\u00e9ro\u00efques dans un style amusant qui stimule leur imagination et renforce leur amour de l\u2019apprentissage. <em data-start=\"1648\" data-end=\"1667\">Petit Explorateur<\/em> est bien plus qu\u2019un simple espace num\u00e9rique\u2014c\u2019est une porte ouverte sur un monde rempli d\u2019\u00e9motions et de savoir !<\/p>\t\t\t\t\t\t\t\t<\/div>\n\t\t\t\t<\/div>\n\t\t\t\t<div class=\"elementor-element elementor-element-b18a4c3 gallery-spacing-custom elementor-widget elementor-widget-image-gallery\" data-id=\"b18a4c3\" data-element_type=\"widget\" data-e-type=\"widget\" data-widget_type=\"image-gallery.default\">\n\t\t\t\t<div class=\"elementor-widget-container\">\n\t\t\t\t\t\t\t<div class=\"elementor-image-gallery\">\n\t\t\t<div id='gallery-1' class='gallery galleryid-4039 gallery-columns-3 gallery-size-full'><figure class='gallery-item'>\n\t\t\t<div class='gallery-icon landscape'>\n\t\t\t\t<a data-elementor-open-lightbox=\"yes\" data-elementor-lightbox-slideshow=\"b18a4c3\" data-elementor-lightbox-title=\"C6289.MP4.00_00_01_16.Still001\" data-e-action-hash=\"#elementor-action%3Aaction%3Dlightbox%26settings%3DeyJpZCI6MzE4MCwidXJsIjoiaHR0cHM6XC9cL211c2VlbmF0LW1vdWRqYWhpZC5kelwvd3AtY29udGVudFwvdXBsb2Fkc1wvMjAyNVwvMDNcL0M2Mjg5Lk1QNC4wMF8wMF8wMV8xNi5TdGlsbDAwMS5qcGciLCJzbGlkZXNob3ciOiJiMThhNGMzIn0%3D\" href='https:\/\/museenat-moudjahid.dz\/wp-content\/uploads\/2025\/03\/C6289.MP4.00_00_01_16.Still001.jpg'><img fetchpriority=\"high\" decoding=\"async\" width=\"1500\" height=\"844\" src=\"https:\/\/museenat-moudjahid.dz\/wp-content\/uploads\/2025\/03\/C6289.MP4.00_00_01_16.Still001.jpg\" class=\"attachment-full size-full\" alt=\"\" srcset=\"https:\/\/museenat-moudjahid.dz\/wp-content\/uploads\/2025\/03\/C6289.MP4.00_00_01_16.Still001.jpg 1500w, https:\/\/museenat-moudjahid.dz\/wp-content\/uploads\/2025\/03\/C6289.MP4.00_00_01_16.Still001-300x169.jpg 300w, https:\/\/museenat-moudjahid.dz\/wp-content\/uploads\/2025\/03\/C6289.MP4.00_00_01_16.Still001-1024x576.jpg 1024w, https:\/\/museenat-moudjahid.dz\/wp-content\/uploads\/2025\/03\/C6289.MP4.00_00_01_16.Still001-768x432.jpg 768w\" sizes=\"(max-width: 1500px) 100vw, 1500px\" \/><\/a>\n\t\t\t<\/div><\/figure><figure class='gallery-item'>\n\t\t\t<div class='gallery-icon landscape'>\n\t\t\t\t<a data-elementor-open-lightbox=\"yes\" data-elementor-lightbox-slideshow=\"b18a4c3\" data-elementor-lightbox-title=\"C6185.MP4.00_00_00_00.Still001\" data-e-action-hash=\"#elementor-action%3Aaction%3Dlightbox%26settings%3DeyJpZCI6MzE1MiwidXJsIjoiaHR0cHM6XC9cL211c2VlbmF0LW1vdWRqYWhpZC5kelwvd3AtY29udGVudFwvdXBsb2Fkc1wvMjAyNVwvMDNcL0M2MTg1Lk1QNC4wMF8wMF8wMF8wMC5TdGlsbDAwMS5qcGciLCJzbGlkZXNob3ciOiJiMThhNGMzIn0%3D\" href='https:\/\/museenat-moudjahid.dz\/wp-content\/uploads\/2025\/03\/C6185.MP4.00_00_00_00.Still001.jpg'><img decoding=\"async\" width=\"1500\" height=\"844\" src=\"https:\/\/museenat-moudjahid.dz\/wp-content\/uploads\/2025\/03\/C6185.MP4.00_00_00_00.Still001.jpg\" class=\"attachment-full size-full\" alt=\"\" srcset=\"https:\/\/museenat-moudjahid.dz\/wp-content\/uploads\/2025\/03\/C6185.MP4.00_00_00_00.Still001.jpg 1500w, https:\/\/museenat-moudjahid.dz\/wp-content\/uploads\/2025\/03\/C6185.MP4.00_00_00_00.Still001-300x169.jpg 300w, https:\/\/museenat-moudjahid.dz\/wp-content\/uploads\/2025\/03\/C6185.MP4.00_00_00_00.Still001-1024x576.jpg 1024w, https:\/\/museenat-moudjahid.dz\/wp-content\/uploads\/2025\/03\/C6185.MP4.00_00_00_00.Still001-768x432.jpg 768w\" sizes=\"(max-width: 1500px) 100vw, 1500px\" \/><\/a>\n\t\t\t<\/div><\/figure><figure class='gallery-item'>\n\t\t\t<div class='gallery-icon landscape'>\n\t\t\t\t<a data-elementor-open-lightbox=\"yes\" data-elementor-lightbox-slideshow=\"b18a4c3\" data-elementor-lightbox-title=\"C6209.MP4.00_00_00_00.Still001\" data-e-action-hash=\"#elementor-action%3Aaction%3Dlightbox%26settings%3DeyJpZCI6MzE1OCwidXJsIjoiaHR0cHM6XC9cL211c2VlbmF0LW1vdWRqYWhpZC5kelwvd3AtY29udGVudFwvdXBsb2Fkc1wvMjAyNVwvMDNcL0M2MjA5Lk1QNC4wMF8wMF8wMF8wMC5TdGlsbDAwMS5qcGciLCJzbGlkZXNob3ciOiJiMThhNGMzIn0%3D\" href='https:\/\/museenat-moudjahid.dz\/wp-content\/uploads\/2025\/03\/C6209.MP4.00_00_00_00.Still001.jpg'><img decoding=\"async\" width=\"1500\" height=\"844\" src=\"https:\/\/museenat-moudjahid.dz\/wp-content\/uploads\/2025\/03\/C6209.MP4.00_00_00_00.Still001.jpg\" class=\"attachment-full size-full\" alt=\"\" srcset=\"https:\/\/museenat-moudjahid.dz\/wp-content\/uploads\/2025\/03\/C6209.MP4.00_00_00_00.Still001.jpg 1500w, https:\/\/museenat-moudjahid.dz\/wp-content\/uploads\/2025\/03\/C6209.MP4.00_00_00_00.Still001-300x169.jpg 300w, https:\/\/museenat-moudjahid.dz\/wp-content\/uploads\/2025\/03\/C6209.MP4.00_00_00_00.Still001-1024x576.jpg 1024w, https:\/\/museenat-moudjahid.dz\/wp-content\/uploads\/2025\/03\/C6209.MP4.00_00_00_00.Still001-768x432.jpg 768w\" sizes=\"(max-width: 1500px) 100vw, 1500px\" \/><\/a>\n\t\t\t<\/div><\/figure><figure class='gallery-item'>\n\t\t\t<div class='gallery-icon landscape'>\n\t\t\t\t<a data-elementor-open-lightbox=\"yes\" data-elementor-lightbox-slideshow=\"b18a4c3\" data-elementor-lightbox-title=\"C6204.MP4.00_00_01_57.Still001\" data-e-action-hash=\"#elementor-action%3Aaction%3Dlightbox%26settings%3DeyJpZCI6MzE1NywidXJsIjoiaHR0cHM6XC9cL211c2VlbmF0LW1vdWRqYWhpZC5kelwvd3AtY29udGVudFwvdXBsb2Fkc1wvMjAyNVwvMDNcL0M2MjA0Lk1QNC4wMF8wMF8wMV81Ny5TdGlsbDAwMS5qcGciLCJzbGlkZXNob3ciOiJiMThhNGMzIn0%3D\" href='https:\/\/museenat-moudjahid.dz\/wp-content\/uploads\/2025\/03\/C6204.MP4.00_00_01_57.Still001.jpg'><img loading=\"lazy\" decoding=\"async\" width=\"1500\" height=\"844\" src=\"https:\/\/museenat-moudjahid.dz\/wp-content\/uploads\/2025\/03\/C6204.MP4.00_00_01_57.Still001.jpg\" class=\"attachment-full size-full\" alt=\"\" srcset=\"https:\/\/museenat-moudjahid.dz\/wp-content\/uploads\/2025\/03\/C6204.MP4.00_00_01_57.Still001.jpg 1500w, https:\/\/museenat-moudjahid.dz\/wp-content\/uploads\/2025\/03\/C6204.MP4.00_00_01_57.Still001-300x169.jpg 300w, https:\/\/museenat-moudjahid.dz\/wp-content\/uploads\/2025\/03\/C6204.MP4.00_00_01_57.Still001-1024x576.jpg 1024w, https:\/\/museenat-moudjahid.dz\/wp-content\/uploads\/2025\/03\/C6204.MP4.00_00_01_57.Still001-768x432.jpg 768w\" sizes=\"(max-width: 1500px) 100vw, 1500px\" \/><\/a>\n\t\t\t<\/div><\/figure><figure class='gallery-item'>\n\t\t\t<div class='gallery-icon landscape'>\n\t\t\t\t<a data-elementor-open-lightbox=\"yes\" data-elementor-lightbox-slideshow=\"b18a4c3\" data-elementor-lightbox-title=\"C6178.MP4.00_00_00_00.Still001\" data-e-action-hash=\"#elementor-action%3Aaction%3Dlightbox%26settings%3DeyJpZCI6MzE0OCwidXJsIjoiaHR0cHM6XC9cL211c2VlbmF0LW1vdWRqYWhpZC5kelwvd3AtY29udGVudFwvdXBsb2Fkc1wvMjAyNVwvMDNcL0M2MTc4Lk1QNC4wMF8wMF8wMF8wMC5TdGlsbDAwMS5qcGciLCJzbGlkZXNob3ciOiJiMThhNGMzIn0%3D\" href='https:\/\/museenat-moudjahid.dz\/wp-content\/uploads\/2025\/03\/C6178.MP4.00_00_00_00.Still001.jpg'><img loading=\"lazy\" decoding=\"async\" width=\"1500\" height=\"844\" src=\"https:\/\/museenat-moudjahid.dz\/wp-content\/uploads\/2025\/03\/C6178.MP4.00_00_00_00.Still001.jpg\" class=\"attachment-full size-full\" alt=\"\" srcset=\"https:\/\/museenat-moudjahid.dz\/wp-content\/uploads\/2025\/03\/C6178.MP4.00_00_00_00.Still001.jpg 1500w, https:\/\/museenat-moudjahid.dz\/wp-content\/uploads\/2025\/03\/C6178.MP4.00_00_00_00.Still001-300x169.jpg 300w, https:\/\/museenat-moudjahid.dz\/wp-content\/uploads\/2025\/03\/C6178.MP4.00_00_00_00.Still001-1024x576.jpg 1024w, https:\/\/museenat-moudjahid.dz\/wp-content\/uploads\/2025\/03\/C6178.MP4.00_00_00_00.Still001-768x432.jpg 768w\" sizes=\"(max-width: 1500px) 100vw, 1500px\" \/><\/a>\n\t\t\t<\/div><\/figure><figure class='gallery-item'>\n\t\t\t<div class='gallery-icon landscape'>\n\t\t\t\t<a data-elementor-open-lightbox=\"yes\" data-elementor-lightbox-slideshow=\"b18a4c3\" data-elementor-lightbox-title=\"C6180.MP4.00_00_02_49.Still001\" data-e-action-hash=\"#elementor-action%3Aaction%3Dlightbox%26settings%3DeyJpZCI6MzE0OSwidXJsIjoiaHR0cHM6XC9cL211c2VlbmF0LW1vdWRqYWhpZC5kelwvd3AtY29udGVudFwvdXBsb2Fkc1wvMjAyNVwvMDNcL0M2MTgwLk1QNC4wMF8wMF8wMl80OS5TdGlsbDAwMS5qcGciLCJzbGlkZXNob3ciOiJiMThhNGMzIn0%3D\" href='https:\/\/museenat-moudjahid.dz\/wp-content\/uploads\/2025\/03\/C6180.MP4.00_00_02_49.Still001.jpg'><img loading=\"lazy\" decoding=\"async\" width=\"1500\" height=\"844\" src=\"https:\/\/museenat-moudjahid.dz\/wp-content\/uploads\/2025\/03\/C6180.MP4.00_00_02_49.Still001.jpg\" class=\"attachment-full size-full\" alt=\"\" srcset=\"https:\/\/museenat-moudjahid.dz\/wp-content\/uploads\/2025\/03\/C6180.MP4.00_00_02_49.Still001.jpg 1500w, https:\/\/museenat-moudjahid.dz\/wp-content\/uploads\/2025\/03\/C6180.MP4.00_00_02_49.Still001-300x169.jpg 300w, https:\/\/museenat-moudjahid.dz\/wp-content\/uploads\/2025\/03\/C6180.MP4.00_00_02_49.Still001-1024x576.jpg 1024w, https:\/\/museenat-moudjahid.dz\/wp-content\/uploads\/2025\/03\/C6180.MP4.00_00_02_49.Still001-768x432.jpg 768w\" sizes=\"(max-width: 1500px) 100vw, 1500px\" \/><\/a>\n\t\t\t<\/div><\/figure>\n\t\t<\/div>\n\t\t<\/div>\n\t\t\t\t\t\t<\/div>\n\t\t\t\t<\/div>\n\t\t\t\t<\/div>\n\t\t\t\t\t<\/div>\n\t\t\t\t<\/div>\n\t\t\t\t<\/div>\n\t\t","protected":false},"excerpt":{"rendered":"<p>Petit Explorateur Un voyage interactif et amusant ! Bienvenue sur Petit Explorateur, un espace interactif sp\u00e9cialement con\u00e7u pour \u00e9veiller la curiosit\u00e9 des enfants et enrichir leurs connaissances de mani\u00e8re ludique [&hellip;]<\/p>\n","protected":false},"author":1,"featured_media":0,"parent":0,"menu_order":0,"comment_status":"closed","ping_status":"closed","template":"","meta":{"site-sidebar-layout":"no-sidebar","site-content-layout":"page-builder","ast-site-content-layout":"full-width-container","site-content-style":"unboxed","site-sidebar-style":"unboxed","ast-global-header-display":"","ast-banner-title-visibility":"","ast-main-header-display":"","ast-hfb-above-header-display":"","ast-hfb-below-header-display":"","ast-hfb-mobile-header-display":"","site-post-title":"disabled","ast-breadcrumbs-content":"disabled","ast-featured-img":"disabled","footer-sml-layout":"","ast-disable-related-posts":"","theme-transparent-header-meta":"enabled","adv-header-id-meta":"","stick-header-meta":"","header-above-stick-meta":"","header-main-stick-meta":"","header-below-stick-meta":"","astra-migrate-meta-layouts":"set","ast-page-background-enabled":"default","ast-page-background-meta":{"desktop":{"background-color":"","background-image":"","background-repeat":"repeat","background-position":"center center","background-size":"auto","background-attachment":"scroll","background-type":"","background-media":"","overlay-type":"","overlay-color":"","overlay-opacity":"","overlay-gradient":""},"tablet":{"background-color":"","background-image":"","background-repeat":"repeat","background-position":"center center","background-size":"auto","background-attachment":"scroll","background-type":"","background-media":"","overlay-type":"","overlay-color":"","overlay-opacity":"","overlay-gradient":""},"mobile":{"background-color":"","background-image":"","background-repeat":"repeat","background-position":"center center","background-size":"auto","background-attachment":"scroll","background-type":"","background-media":"","overlay-type":"","overlay-color":"","overlay-opacity":"","overlay-gradient":""}},"ast-content-background-meta":{"desktop":{"background-color":"var(--ast-global-color-5)","background-image":"","background-repeat":"repeat","background-position":"center center","background-size":"auto","background-attachment":"scroll","background-type":"","background-media":"","overlay-type":"","overlay-color":"","overlay-opacity":"","overlay-gradient":""},"tablet":{"background-color":"var(--ast-global-color-5)","background-image":"","background-repeat":"repeat","background-position":"center center","background-size":"auto","background-attachment":"scroll","background-type":"","background-media":"","overlay-type":"","overlay-color":"","overlay-opacity":"","overlay-gradient":""},"mobile":{"background-color":"var(--ast-global-color-5)","background-image":"","background-repeat":"repeat","background-position":"center center","background-size":"auto","background-attachment":"scroll","background-type":"","background-media":"","overlay-type":"","overlay-color":"","overlay-opacity":"","overlay-gradient":""}},"_EventAllDay":false,"_EventTimezone":"","_EventStartDate":"","_EventEndDate":"","_EventStartDateUTC":"","_EventEndDateUTC":"","_EventShowMap":false,"_EventShowMapLink":false,"_EventURL":"","_EventCost":"","_EventCostDescription":"","_EventCurrencySymbol":"","_EventCurrencyCode":"","_EventCurrencyPosition":"","_EventDateTimeSeparator":"","_EventTimeRangeSeparator":"","_EventOrganizerID":[],"_EventVenueID":[],"_OrganizerEmail":"","_OrganizerPhone":"","_OrganizerWebsite":"","_VenueAddress":"","_VenueCity":"","_VenueCountry":"","_VenueProvince":"","_VenueState":"","_VenueZip":"","_VenuePhone":"","_VenueURL":"","_VenueStateProvince":"","_VenueLat":"","_VenueLng":"","_VenueShowMap":false,"_VenueShowMapLink":false,"footnotes":"","_links_to":"","_links_to_target":""},"class_list":["post-4039","page","type-page","status-publish","hentry"],"_links":{"self":[{"href":"https:\/\/museenat-moudjahid.dz\/index.php?rest_route=\/wp\/v2\/pages\/4039","targetHints":{"allow":["GET"]}}],"collection":[{"href":"https:\/\/museenat-moudjahid.dz\/index.php?rest_route=\/wp\/v2\/pages"}],"about":[{"href":"https:\/\/museenat-moudjahid.dz\/index.php?rest_route=\/wp\/v2\/types\/page"}],"author":[{"embeddable":true,"href":"https:\/\/museenat-moudjahid.dz\/index.php?rest_route=\/wp\/v2\/users\/1"}],"replies":[{"embeddable":true,"href":"https:\/\/museenat-moudjahid.dz\/index.php?rest_route=%2Fwp%2Fv2%2Fcomments&post=4039"}],"version-history":[{"count":5,"href":"https:\/\/museenat-moudjahid.dz\/index.php?rest_route=\/wp\/v2\/pages\/4039\/revisions"}],"predecessor-version":[{"id":4050,"href":"https:\/\/museenat-moudjahid.dz\/index.php?rest_route=\/wp\/v2\/pages\/4039\/revisions\/4050"}],"wp:attachment":[{"href":"https:\/\/museenat-moudjahid.dz\/index.php?rest_route=%2Fwp%2Fv2%2Fmedia&parent=4039"}],"curies":[{"name":"wp","href":"https:\/\/api.w.org\/{rel}","templated":true}]}}