{"id":4095,"date":"2025-03-19T03:53:11","date_gmt":"2025-03-19T02:53:11","guid":{"rendered":"https:\/\/museenat-moudjahid.dz\/?page_id=4095"},"modified":"2025-03-19T03:55:20","modified_gmt":"2025-03-19T02:55:20","slug":"martyrs-wallfr","status":"publish","type":"page","link":"https:\/\/museenat-moudjahid.dz\/?page_id=4095&lang=fr","title":{"rendered":"Martyrs\u2019 WallFr"},"content":{"rendered":"\t\t<div data-elementor-type=\"wp-page\" data-elementor-id=\"4095\" class=\"elementor elementor-4095\">\n\t\t\t\t<div class=\"elementor-element elementor-element-0acf847 e-con-full e-flex e-con e-parent\" data-id=\"0acf847\" data-element_type=\"container\" data-e-type=\"container\" data-settings=\"{&quot;background_background&quot;:&quot;classic&quot;,&quot;shape_divider_bottom&quot;:&quot;tilt&quot;}\">\n\t\t\t\t<div class=\"elementor-shape elementor-shape-bottom\" aria-hidden=\"true\" data-negative=\"false\">\n\t\t\t<svg xmlns=\"http:\/\/www.w3.org\/2000\/svg\" viewBox=\"0 0 1000 100\" preserveAspectRatio=\"none\">\n\t<path class=\"elementor-shape-fill\" d=\"M0,6V0h1000v100L0,6z\"\/>\n<\/svg>\t\t<\/div>\n\t\t<div class=\"elementor-element elementor-element-d34cb57 e-con-full e-flex e-con e-child\" data-id=\"d34cb57\" data-element_type=\"container\" data-e-type=\"container\">\n\t\t\t\t<div class=\"elementor-element elementor-element-cceca82 elementor-widget elementor-widget-icon-box\" data-id=\"cceca82\" data-element_type=\"widget\" data-e-type=\"widget\" data-widget_type=\"icon-box.default\">\n\t\t\t\t<div class=\"elementor-widget-container\">\n\t\t\t\t\t\t\t<div class=\"elementor-icon-box-wrapper\">\n\n\t\t\t\n\t\t\t\t\t\t<div class=\"elementor-icon-box-content\">\n\n\t\t\t\t\t\t\t\t\t<h1 class=\"elementor-icon-box-title\">\n\t\t\t\t\t\t<span  >\n\t\t\t\t\t\t\tMur des Martyrs\t\t\t\t\t\t<\/span>\n\t\t\t\t\t<\/h1>\n\t\t\t\t\n\t\t\t\t\t\t\t\t\t<p class=\"elementor-icon-box-description\">\n\t\t\t\t\t\tM\u00e9moire de la R\u00e9sistance et Histoire du H\u00e9ro\u00efsme\t\t\t\t\t<\/p>\n\t\t\t\t\n\t\t\t<\/div>\n\t\t\t\n\t\t<\/div>\n\t\t\t\t\t\t<\/div>\n\t\t\t\t<\/div>\n\t\t\t\t<\/div>\n\t\t\t\t<\/div>\n\t\t<div class=\"elementor-element elementor-element-84596b5 e-flex e-con-boxed e-con e-parent\" data-id=\"84596b5\" data-element_type=\"container\" data-e-type=\"container\" data-settings=\"{&quot;background_background&quot;:&quot;classic&quot;}\">\n\t\t\t\t\t<div class=\"e-con-inner\">\n\t\t<div class=\"elementor-element elementor-element-39723c3 e-con-full e-flex e-con e-child\" data-id=\"39723c3\" data-element_type=\"container\" data-e-type=\"container\">\n\t\t\t\t<div class=\"elementor-element elementor-element-a4bc363 elementor-widget elementor-widget-text-editor\" data-id=\"a4bc363\" data-element_type=\"widget\" data-e-type=\"widget\" data-widget_type=\"text-editor.default\">\n\t\t\t\t<div class=\"elementor-widget-container\">\n\t\t\t\t\t\t\t\t\t<article class=\"group\/turn w-full text-token-text-primary focus-visible:outline-2 focus-visible:outline-offset-[-4px]\" dir=\"auto\" data-testid=\"conversation-turn-64\" data-scroll-anchor=\"true\"><div class=\"text-base my-auto mx-auto py-[18px] px-6\"><div class=\"mx-auto flex flex-1 text-base gap-4 md:gap-5 lg:gap-6 md:max-w-3xl lg:max-w-[40rem] xl:max-w-[48rem]\"><div class=\"group\/conversation-turn relative flex w-full min-w-0 flex-col agent-turn @xs\/thread:px-0 @sm\/thread:px-1.5 @md\/thread:px-4\"><div class=\"flex-col gap-1 md:gap-3\"><div class=\"flex max-w-full flex-col flex-grow\"><div class=\"min-h-8 text-message relative flex w-full flex-col items-end gap-2 whitespace-normal break-words text-start [.text-message+&amp;]:mt-5\" dir=\"auto\" data-message-author-role=\"assistant\" data-message-id=\"e694eb2e-2ff6-4d25-ad3d-05af639d928e\" data-message-model-slug=\"gpt-4o\"><div class=\"flex w-full flex-col gap-1 empty:hidden first:pt-[3px]\"><div class=\"markdown prose w-full break-words dark:prose-invert dark\"><p data-start=\"1051\" data-end=\"1238\">D\u00e9couvrez l\u2019application <strong data-start=\"1075\" data-end=\"1094\">Mur des Martyrs<\/strong>, un espace num\u00e9rique d\u00e9di\u00e9 \u00e0 l\u2019hommage des sacrifices des h\u00e9ros alg\u00e9riens et \u00e0 la documentation de la lutte nationale contre le colonialisme.<\/p><p data-start=\"1240\" data-end=\"1549\">Ici, vous d\u00e9couvrirez des figures historiques qui ont marqu\u00e9 la gloire de l\u2019Alg\u00e9rie, plongerez dans les d\u00e9tails des batailles et guerres les plus marquantes qui ont trac\u00e9 la voie vers la libert\u00e9, et explorerez les accords et trait\u00e9s qui ont constitu\u00e9 des tournants d\u00e9cisifs dans la lutte du peuple alg\u00e9rien.<\/p><p data-start=\"1551\" data-end=\"1766\">Con\u00e7ue de mani\u00e8re interactive, cette plateforme permet aux visiteurs de s\u2019immerger dans des \u00e9v\u00e9nements historiques qui ont chang\u00e9 le destin de la nation, faisant de l\u2019Alg\u00e9rie un symbole de r\u00e9silience et de fiert\u00e9.<\/p><p data-start=\"1768\" data-end=\"1955\" data-is-last-node=\"\" data-is-only-node=\"\">Visitez-nous au <strong data-start=\"1784\" data-end=\"1815\">Mus\u00e9e National du Moudjahid<\/strong> pour d\u00e9couvrir le mur interactif, plonger dans les profondeurs de la r\u00e9volution et revivre les exploits h\u00e9ro\u00efques de l\u2019histoire alg\u00e9rienne.<\/p><\/div><\/div><\/div><\/div><\/div><\/div><\/div><\/div><\/article>\t\t\t\t\t\t\t\t<\/div>\n\t\t\t\t<\/div>\n\t\t\t\t<\/div>\n\t\t\t\t\t<\/div>\n\t\t\t\t<\/div>\n\t\t\t\t<\/div>\n\t\t","protected":false},"excerpt":{"rendered":"<p>Mur des Martyrs M\u00e9moire de la R\u00e9sistance et Histoire du H\u00e9ro\u00efsme D\u00e9couvrez l\u2019application Mur des Martyrs, un espace num\u00e9rique d\u00e9di\u00e9 \u00e0 l\u2019hommage des sacrifices des h\u00e9ros alg\u00e9riens et \u00e0 la [&hellip;]<\/p>\n","protected":false},"author":1,"featured_media":0,"parent":0,"menu_order":0,"comment_status":"closed","ping_status":"closed","template":"","meta":{"site-sidebar-layout":"no-sidebar","site-content-layout":"page-builder","ast-site-content-layout":"full-width-container","site-content-style":"unboxed","site-sidebar-style":"unboxed","ast-global-header-display":"","ast-banner-title-visibility":"","ast-main-header-display":"","ast-hfb-above-header-display":"","ast-hfb-below-header-display":"","ast-hfb-mobile-header-display":"","site-post-title":"disabled","ast-breadcrumbs-content":"disabled","ast-featured-img":"disabled","footer-sml-layout":"","ast-disable-related-posts":"","theme-transparent-header-meta":"enabled","adv-header-id-meta":"","stick-header-meta":"","header-above-stick-meta":"","header-main-stick-meta":"","header-below-stick-meta":"","astra-migrate-meta-layouts":"set","ast-page-background-enabled":"default","ast-page-background-meta":{"desktop":{"background-color":"","background-image":"","background-repeat":"repeat","background-position":"center center","background-size":"auto","background-attachment":"scroll","background-type":"","background-media":"","overlay-type":"","overlay-color":"","overlay-opacity":"","overlay-gradient":""},"tablet":{"background-color":"","background-image":"","background-repeat":"repeat","background-position":"center center","background-size":"auto","background-attachment":"scroll","background-type":"","background-media":"","overlay-type":"","overlay-color":"","overlay-opacity":"","overlay-gradient":""},"mobile":{"background-color":"","background-image":"","background-repeat":"repeat","background-position":"center center","background-size":"auto","background-attachment":"scroll","background-type":"","background-media":"","overlay-type":"","overlay-color":"","overlay-opacity":"","overlay-gradient":""}},"ast-content-background-meta":{"desktop":{"background-color":"var(--ast-global-color-5)","background-image":"","background-repeat":"repeat","background-position":"center center","background-size":"auto","background-attachment":"scroll","background-type":"","background-media":"","overlay-type":"","overlay-color":"","overlay-opacity":"","overlay-gradient":""},"tablet":{"background-color":"var(--ast-global-color-5)","background-image":"","background-repeat":"repeat","background-position":"center center","background-size":"auto","background-attachment":"scroll","background-type":"","background-media":"","overlay-type":"","overlay-color":"","overlay-opacity":"","overlay-gradient":""},"mobile":{"background-color":"var(--ast-global-color-5)","background-image":"","background-repeat":"repeat","background-position":"center center","background-size":"auto","background-attachment":"scroll","background-type":"","background-media":"","overlay-type":"","overlay-color":"","overlay-opacity":"","overlay-gradient":""}},"_EventAllDay":false,"_EventTimezone":"","_EventStartDate":"","_EventEndDate":"","_EventStartDateUTC":"","_EventEndDateUTC":"","_EventShowMap":false,"_EventShowMapLink":false,"_EventURL":"","_EventCost":"","_EventCostDescription":"","_EventCurrencySymbol":"","_EventCurrencyCode":"","_EventCurrencyPosition":"","_EventDateTimeSeparator":"","_EventTimeRangeSeparator":"","_EventOrganizerID":[],"_EventVenueID":[],"_OrganizerEmail":"","_OrganizerPhone":"","_OrganizerWebsite":"","_VenueAddress":"","_VenueCity":"","_VenueCountry":"","_VenueProvince":"","_VenueState":"","_VenueZip":"","_VenuePhone":"","_VenueURL":"","_VenueStateProvince":"","_VenueLat":"","_VenueLng":"","_VenueShowMap":false,"_VenueShowMapLink":false,"footnotes":"","_links_to":"","_links_to_target":""},"class_list":["post-4095","page","type-page","status-publish","hentry"],"_links":{"self":[{"href":"https:\/\/museenat-moudjahid.dz\/index.php?rest_route=\/wp\/v2\/pages\/4095","targetHints":{"allow":["GET"]}}],"collection":[{"href":"https:\/\/museenat-moudjahid.dz\/index.php?rest_route=\/wp\/v2\/pages"}],"about":[{"href":"https:\/\/museenat-moudjahid.dz\/index.php?rest_route=\/wp\/v2\/types\/page"}],"author":[{"embeddable":true,"href":"https:\/\/museenat-moudjahid.dz\/index.php?rest_route=\/wp\/v2\/users\/1"}],"replies":[{"embeddable":true,"href":"https:\/\/museenat-moudjahid.dz\/index.php?rest_route=%2Fwp%2Fv2%2Fcomments&post=4095"}],"version-history":[{"count":5,"href":"https:\/\/museenat-moudjahid.dz\/index.php?rest_route=\/wp\/v2\/pages\/4095\/revisions"}],"predecessor-version":[{"id":4106,"href":"https:\/\/museenat-moudjahid.dz\/index.php?rest_route=\/wp\/v2\/pages\/4095\/revisions\/4106"}],"wp:attachment":[{"href":"https:\/\/museenat-moudjahid.dz\/index.php?rest_route=%2Fwp%2Fv2%2Fmedia&parent=4095"}],"curies":[{"name":"wp","href":"https:\/\/api.w.org\/{rel}","templated":true}]}}