{"id":4170,"date":"2025-03-19T05:18:15","date_gmt":"2025-03-19T04:18:15","guid":{"rendered":"https:\/\/museenat-moudjahid.dz\/?page_id=4170"},"modified":"2026-02-07T21:34:48","modified_gmt":"2026-02-07T20:34:48","slug":"tasksfr","status":"publish","type":"page","link":"https:\/\/museenat-moudjahid.dz\/?page_id=4170&lang=fr","title":{"rendered":"TasksFr"},"content":{"rendered":"\t\t<div data-elementor-type=\"wp-page\" data-elementor-id=\"4170\" class=\"elementor elementor-4170\">\n\t\t\t\t<div class=\"elementor-element elementor-element-5236f80 e-con-full e-flex e-con e-parent\" data-id=\"5236f80\" data-element_type=\"container\" data-e-type=\"container\" data-settings=\"{&quot;background_background&quot;:&quot;classic&quot;,&quot;shape_divider_bottom&quot;:&quot;tilt&quot;}\">\n\t\t\t\t<div class=\"elementor-shape elementor-shape-bottom\" aria-hidden=\"true\" data-negative=\"false\">\n\t\t\t<svg xmlns=\"http:\/\/www.w3.org\/2000\/svg\" viewBox=\"0 0 1000 100\" preserveAspectRatio=\"none\">\n\t<path class=\"elementor-shape-fill\" d=\"M0,6V0h1000v100L0,6z\"\/>\n<\/svg>\t\t<\/div>\n\t\t<div class=\"elementor-element elementor-element-22f18d3 e-con-full e-flex e-con e-child\" data-id=\"22f18d3\" data-element_type=\"container\" data-e-type=\"container\">\n\t\t\t\t<div class=\"elementor-element elementor-element-9e535bd elementor-widget elementor-widget-icon-box\" data-id=\"9e535bd\" data-element_type=\"widget\" data-e-type=\"widget\" data-widget_type=\"icon-box.default\">\n\t\t\t\t<div class=\"elementor-widget-container\">\n\t\t\t\t\t\t\t<div class=\"elementor-icon-box-wrapper\">\n\n\t\t\t\n\t\t\t\t\t\t<div class=\"elementor-icon-box-content\">\n\n\t\t\t\t\t\t\t\t\t<h1 class=\"elementor-icon-box-title\">\n\t\t\t\t\t\t<span  >\n\t\t\t\t\t\t\tMissions du Mus\u00e9e\t\t\t\t\t\t<\/span>\n\t\t\t\t\t<\/h1>\n\t\t\t\t\n\t\t\t\t\t\t\t\t\t<p class=\"elementor-icon-box-description\">\n\t\t\t\t\t\tMissions du Mus\u00e9e National du Moudjahid\t\t\t\t\t<\/p>\n\t\t\t\t\n\t\t\t<\/div>\n\t\t\t\n\t\t<\/div>\n\t\t\t\t\t\t<\/div>\n\t\t\t\t<\/div>\n\t\t\t\t<\/div>\n\t\t\t\t<\/div>\n\t\t<div class=\"elementor-element elementor-element-f2c90cc e-flex e-con-boxed e-con e-parent\" data-id=\"f2c90cc\" data-element_type=\"container\" data-e-type=\"container\" data-settings=\"{&quot;background_background&quot;:&quot;classic&quot;}\">\n\t\t\t\t\t<div class=\"e-con-inner\">\n\t\t<div class=\"elementor-element elementor-element-8aa520e e-con-full e-flex e-con e-child\" data-id=\"8aa520e\" data-element_type=\"container\" data-e-type=\"container\">\n\t\t<div class=\"elementor-element elementor-element-66ae363 e-con-full e-flex e-con e-child\" data-id=\"66ae363\" data-element_type=\"container\" data-e-type=\"container\">\n\t\t\t\t<div class=\"elementor-element elementor-element-0caa679 elementor-invisible elementor-widget elementor-widget-text-editor\" data-id=\"0caa679\" data-element_type=\"widget\" data-e-type=\"widget\" data-settings=\"{&quot;_animation&quot;:&quot;fadeInRight&quot;}\" data-widget_type=\"text-editor.default\">\n\t\t\t\t<div class=\"elementor-widget-container\">\n\t\t\t\t\t\t\t\t\t<p data-start=\"81\" data-end=\"258\">Le Mus\u00e9e National du Moudjahid assume plusieurs missions essentielles visant \u00e0 prot\u00e9ger, pr\u00e9server et diffuser le patrimoine historique national. Parmi ces missions figurent :<\/p>\t\t\t\t\t\t\t\t<\/div>\n\t\t\t\t<\/div>\n\t\t\t\t<div class=\"elementor-element elementor-element-c5d002a elementor-invisible elementor-widget elementor-widget-heading\" data-id=\"c5d002a\" data-element_type=\"widget\" data-e-type=\"widget\" data-settings=\"{&quot;_animation&quot;:&quot;fadeInRight&quot;}\" data-widget_type=\"heading.default\">\n\t\t\t\t<div class=\"elementor-widget-container\">\n\t\t\t\t\t<h2 class=\"elementor-heading-title elementor-size-default\">Missions du Mus\u00e9e National du Moudjahid<\/h2>\t\t\t\t<\/div>\n\t\t\t\t<\/div>\n\t\t\t\t<div class=\"elementor-element elementor-element-56eee3f elementor-widget-divider--view-line elementor-invisible elementor-widget elementor-widget-divider\" data-id=\"56eee3f\" data-element_type=\"widget\" data-e-type=\"widget\" data-settings=\"{&quot;_animation&quot;:&quot;fadeInRight&quot;}\" data-widget_type=\"divider.default\">\n\t\t\t\t<div class=\"elementor-widget-container\">\n\t\t\t\t\t\t\t<div class=\"elementor-divider\">\n\t\t\t<span class=\"elementor-divider-separator\">\n\t\t\t\t\t\t<\/span>\n\t\t<\/div>\n\t\t\t\t\t\t<\/div>\n\t\t\t\t<\/div>\n\t\t\t\t<div class=\"elementor-element elementor-element-636a115 elementor-invisible elementor-widget elementor-widget-text-editor\" data-id=\"636a115\" data-element_type=\"widget\" data-e-type=\"widget\" data-settings=\"{&quot;_animation&quot;:&quot;fadeInRight&quot;}\" data-widget_type=\"text-editor.default\">\n\t\t\t\t<div class=\"elementor-widget-container\">\n\t\t\t\t\t\t\t\t\t<ul data-start=\"260\" data-end=\"1825\"><li data-start=\"260\" data-end=\"459\">R\u00e9cup\u00e9rer et enrichir les collections historiques relatives \u00e0 la r\u00e9sistance populaire, au mouvement national et \u00e0 la guerre de lib\u00e9ration, tout en assurant leur conservation et leur restauration.<\/li><li data-start=\"460\" data-end=\"699\">Collecter et documenter les t\u00e9moignages vivants des Moudjahidine, ainsi que r\u00e9cup\u00e9rer des photographies, documents et objets historiques li\u00e9s \u00e0 la lutte nationale, les classifier, les pr\u00e9server et les exploiter \u00e0 des fins de recherche.<\/li><li data-start=\"700\" data-end=\"839\">Pr\u00e9senter le patrimoine historique national au public \u00e0 travers des expositions permanentes et temporaires, en Alg\u00e9rie et \u00e0 l\u2019\u00e9tranger.<\/li><li data-start=\"840\" data-end=\"1007\">Enrichir la biblioth\u00e8que du mus\u00e9e avec de nouvelles sources et r\u00e9f\u00e9rences portant sur la m\u00e9moire nationale, l\u2019histoire de la r\u00e9sistance et la guerre de lib\u00e9ration.<\/li><li data-start=\"1008\" data-end=\"1176\">Programmer des recherches scientifiques et des formations en mus\u00e9ologie afin de d\u00e9velopper les m\u00e9thodes d\u2019exposition et d\u2019am\u00e9liorer les techniques de documentation.<\/li><li data-start=\"1177\" data-end=\"1328\">Publier des revues, bulletins et ouvrages historiques, ainsi que produire des supports audiovisuels pour soutenir et diffuser le savoir historique.<\/li><li data-start=\"1329\" data-end=\"1500\">Organiser des conf\u00e9rences scientifiques, colloques et journ\u00e9es d\u2019\u00e9tude sp\u00e9cialis\u00e9es pour dynamiser la sc\u00e8ne culturelle et artistique autour de l\u2019histoire de l\u2019Alg\u00e9rie.<\/li><li data-start=\"1501\" data-end=\"1662\">Faire du mus\u00e9e une source \u00e9ducative et de recherche pour les \u00e9tudiants et les chercheurs, tout en garantissant son acc\u00e8s quotidien au public de 9h00 \u00e0 22h00.<\/li><li data-start=\"1663\" data-end=\"1825\">Pr\u00e9server la valeur esth\u00e9tique et artistique des \u0153uvres mus\u00e9ales, consid\u00e9r\u00e9es comme des sources directes d\u2019information sur la m\u00e9moire historique de l\u2019Alg\u00e9rie.<\/li><\/ul><p data-start=\"1827\" data-end=\"2074\" data-is-last-node=\"\" data-is-only-node=\"\">\u00c0 travers ces missions, le Mus\u00e9e National du Moudjahid s\u2019engage \u00e0 assurer la sauvegarde du patrimoine historique et \u00e0 le transmettre aux g\u00e9n\u00e9rations futures, tout en renfor\u00e7ant la conscience nationale autour de l\u2019histoire glorieuse de l\u2019Alg\u00e9rie.<\/p>\t\t\t\t\t\t\t\t<\/div>\n\t\t\t\t<\/div>\n\t\t\t\t<\/div>\n\t\t\t\t<\/div>\n\t\t\t\t\t<\/div>\n\t\t\t\t<\/div>\n\t\t\t\t<\/div>\n\t\t","protected":false},"excerpt":{"rendered":"<p>Missions du Mus\u00e9e Missions du Mus\u00e9e National du Moudjahid Le Mus\u00e9e National du Moudjahid assume plusieurs missions essentielles visant \u00e0 prot\u00e9ger, pr\u00e9server et diffuser le patrimoine historique national. Parmi ces [&hellip;]<\/p>\n","protected":false},"author":1,"featured_media":0,"parent":0,"menu_order":0,"comment_status":"closed","ping_status":"closed","template":"","meta":{"site-sidebar-layout":"no-sidebar","site-content-layout":"page-builder","ast-site-content-layout":"full-width-container","site-content-style":"unboxed","site-sidebar-style":"unboxed","ast-global-header-display":"","ast-banner-title-visibility":"","ast-main-header-display":"","ast-hfb-above-header-display":"","ast-hfb-below-header-display":"","ast-hfb-mobile-header-display":"","site-post-title":"disabled","ast-breadcrumbs-content":"disabled","ast-featured-img":"disabled","footer-sml-layout":"","ast-disable-related-posts":"","theme-transparent-header-meta":"enabled","adv-header-id-meta":"","stick-header-meta":"","header-above-stick-meta":"","header-main-stick-meta":"","header-below-stick-meta":"","astra-migrate-meta-layouts":"set","ast-page-background-enabled":"default","ast-page-background-meta":{"desktop":{"background-color":"","background-image":"","background-repeat":"repeat","background-position":"center center","background-size":"auto","background-attachment":"scroll","background-type":"","background-media":"","overlay-type":"","overlay-color":"","overlay-opacity":"","overlay-gradient":""},"tablet":{"background-color":"","background-image":"","background-repeat":"repeat","background-position":"center center","background-size":"auto","background-attachment":"scroll","background-type":"","background-media":"","overlay-type":"","overlay-color":"","overlay-opacity":"","overlay-gradient":""},"mobile":{"background-color":"","background-image":"","background-repeat":"repeat","background-position":"center center","background-size":"auto","background-attachment":"scroll","background-type":"","background-media":"","overlay-type":"","overlay-color":"","overlay-opacity":"","overlay-gradient":""}},"ast-content-background-meta":{"desktop":{"background-color":"var(--ast-global-color-5)","background-image":"","background-repeat":"repeat","background-position":"center center","background-size":"auto","background-attachment":"scroll","background-type":"","background-media":"","overlay-type":"","overlay-color":"","overlay-opacity":"","overlay-gradient":""},"tablet":{"background-color":"var(--ast-global-color-5)","background-image":"","background-repeat":"repeat","background-position":"center center","background-size":"auto","background-attachment":"scroll","background-type":"","background-media":"","overlay-type":"","overlay-color":"","overlay-opacity":"","overlay-gradient":""},"mobile":{"background-color":"var(--ast-global-color-5)","background-image":"","background-repeat":"repeat","background-position":"center center","background-size":"auto","background-attachment":"scroll","background-type":"","background-media":"","overlay-type":"","overlay-color":"","overlay-opacity":"","overlay-gradient":""}},"_EventAllDay":false,"_EventTimezone":"","_EventStartDate":"","_EventEndDate":"","_EventStartDateUTC":"","_EventEndDateUTC":"","_EventShowMap":false,"_EventShowMapLink":false,"_EventURL":"","_EventCost":"","_EventCostDescription":"","_EventCurrencySymbol":"","_EventCurrencyCode":"","_EventCurrencyPosition":"","_EventDateTimeSeparator":"","_EventTimeRangeSeparator":"","_EventOrganizerID":[],"_EventVenueID":[],"_OrganizerEmail":"","_OrganizerPhone":"","_OrganizerWebsite":"","_VenueAddress":"","_VenueCity":"","_VenueCountry":"","_VenueProvince":"","_VenueState":"","_VenueZip":"","_VenuePhone":"","_VenueURL":"","_VenueStateProvince":"","_VenueLat":"","_VenueLng":"","_VenueShowMap":false,"_VenueShowMapLink":false,"footnotes":"","_links_to":"","_links_to_target":""},"class_list":["post-4170","page","type-page","status-publish","hentry"],"_links":{"self":[{"href":"https:\/\/museenat-moudjahid.dz\/index.php?rest_route=\/wp\/v2\/pages\/4170","targetHints":{"allow":["GET"]}}],"collection":[{"href":"https:\/\/museenat-moudjahid.dz\/index.php?rest_route=\/wp\/v2\/pages"}],"about":[{"href":"https:\/\/museenat-moudjahid.dz\/index.php?rest_route=\/wp\/v2\/types\/page"}],"author":[{"embeddable":true,"href":"https:\/\/museenat-moudjahid.dz\/index.php?rest_route=\/wp\/v2\/users\/1"}],"replies":[{"embeddable":true,"href":"https:\/\/museenat-moudjahid.dz\/index.php?rest_route=%2Fwp%2Fv2%2Fcomments&post=4170"}],"version-history":[{"count":8,"href":"https:\/\/museenat-moudjahid.dz\/index.php?rest_route=\/wp\/v2\/pages\/4170\/revisions"}],"predecessor-version":[{"id":4796,"href":"https:\/\/museenat-moudjahid.dz\/index.php?rest_route=\/wp\/v2\/pages\/4170\/revisions\/4796"}],"wp:attachment":[{"href":"https:\/\/museenat-moudjahid.dz\/index.php?rest_route=%2Fwp%2Fv2%2Fmedia&parent=4170"}],"curies":[{"name":"wp","href":"https:\/\/api.w.org\/{rel}","templated":true}]}}