{"id":4319,"date":"2025-04-05T23:43:10","date_gmt":"2025-04-05T22:43:10","guid":{"rendered":"https:\/\/museenat-moudjahid.dz\/?page_id=4319"},"modified":"2025-04-05T23:50:27","modified_gmt":"2025-04-05T22:50:27","slug":"appsfr","status":"publish","type":"page","link":"https:\/\/museenat-moudjahid.dz\/?page_id=4319&lang=fr","title":{"rendered":"AppsFr"},"content":{"rendered":"\t\t<div data-elementor-type=\"wp-page\" data-elementor-id=\"4319\" class=\"elementor elementor-4319\">\n\t\t\t\t<div class=\"elementor-element elementor-element-0acf847 e-con-full e-flex e-con e-parent\" data-id=\"0acf847\" data-element_type=\"container\" data-e-type=\"container\" data-settings=\"{&quot;background_background&quot;:&quot;classic&quot;,&quot;shape_divider_bottom&quot;:&quot;tilt&quot;}\">\n\t\t\t\t<div class=\"elementor-shape elementor-shape-bottom\" aria-hidden=\"true\" data-negative=\"false\">\n\t\t\t<svg xmlns=\"http:\/\/www.w3.org\/2000\/svg\" viewBox=\"0 0 1000 100\" preserveAspectRatio=\"none\">\n\t<path class=\"elementor-shape-fill\" d=\"M0,6V0h1000v100L0,6z\"\/>\n<\/svg>\t\t<\/div>\n\t\t<div class=\"elementor-element elementor-element-d34cb57 e-con-full e-flex e-con e-child\" data-id=\"d34cb57\" data-element_type=\"container\" data-e-type=\"container\">\n\t\t\t\t<div class=\"elementor-element elementor-element-cceca82 elementor-widget elementor-widget-icon-box\" data-id=\"cceca82\" data-element_type=\"widget\" data-e-type=\"widget\" data-widget_type=\"icon-box.default\">\n\t\t\t\t<div class=\"elementor-widget-container\">\n\t\t\t\t\t\t\t<div class=\"elementor-icon-box-wrapper\">\n\n\t\t\t\n\t\t\t\t\t\t<div class=\"elementor-icon-box-content\">\n\n\t\t\t\t\t\t\t\t\t<h1 class=\"elementor-icon-box-title\">\n\t\t\t\t\t\t<span  >\n\t\t\t\t\t\t\tApplications\t\t\t\t\t\t<\/span>\n\t\t\t\t\t<\/h1>\n\t\t\t\t\n\t\t\t\t\t\t\t\t\t<p class=\"elementor-icon-box-description\">\n\t\t\t\t\t\tIci, vous trouverez de nombreuses applications choisies sp\u00e9cialement pour vous\t\t\t\t\t<\/p>\n\t\t\t\t\n\t\t\t<\/div>\n\t\t\t\n\t\t<\/div>\n\t\t\t\t\t\t<\/div>\n\t\t\t\t<\/div>\n\t\t\t\t<\/div>\n\t\t\t\t<\/div>\n\t\t<div class=\"elementor-element elementor-element-84596b5 e-flex e-con-boxed e-con e-parent\" data-id=\"84596b5\" data-element_type=\"container\" data-e-type=\"container\" data-settings=\"{&quot;background_background&quot;:&quot;classic&quot;}\">\n\t\t\t\t\t<div class=\"e-con-inner\">\n\t\t<div class=\"elementor-element elementor-element-39723c3 e-con-full e-flex e-con e-child\" data-id=\"39723c3\" data-element_type=\"container\" data-e-type=\"container\">\n\t\t\t\t<div class=\"elementor-element elementor-element-a4bc363 elementor-widget elementor-widget-text-editor\" data-id=\"a4bc363\" data-element_type=\"widget\" data-e-type=\"widget\" data-widget_type=\"text-editor.default\">\n\t\t\t\t<div class=\"elementor-widget-container\">\n\t\t\t\t\t\t\t\t\t<p class=\"\" data-start=\"709\" data-end=\"777\"><strong data-start=\"709\" data-end=\"777\">Explorez plus d&#8217;applications interactives riches en informations<\/strong><\/p><p class=\"\" data-start=\"779\" data-end=\"1174\">Au Mus\u00e9e National du Moudjahid, nous vous proposons une s\u00e9lection d&#8217;applications soigneusement choisies pour vous offrir une exp\u00e9rience interactive unique et enrichissante. Ces applications ne se limitent pas \u00e0 des outils \u00e9ducatifs, elles sont \u00e9galement des plateformes ludiques et intelligentes qui vous permettent de plonger dans notre histoire glorieuse de mani\u00e8re innovante et divertissante.<\/p><p class=\"\" data-start=\"1176\" data-end=\"1438\">\u00c0 travers ces applications, vous pourrez explorer les \u00e9v\u00e9nements majeurs de la R\u00e9volution de Lib\u00e9ration Nationale, d\u00e9couvrir la vie des h\u00e9ros moudjahidines, et ouvrir de nouvelles portes pour comprendre l&#8217;histoire de l&#8217;Alg\u00e9rie sous un angle technologique avanc\u00e9.<\/p><p class=\"\" data-start=\"1440\" data-end=\"1592\"><strong data-start=\"1440\" data-end=\"1592\">De nombreuses applications s\u00e9lectionn\u00e9es sp\u00e9cialement pour vous, pour vous offrir une exp\u00e9rience in\u00e9dite dans la d\u00e9couverte de notre pass\u00e9 h\u00e9ro\u00efque.<\/strong><\/p>\t\t\t\t\t\t\t\t<\/div>\n\t\t\t\t<\/div>\n\t\t<div class=\"elementor-element elementor-element-23e2f0b e-con-full e-flex e-con e-child\" data-id=\"23e2f0b\" data-element_type=\"container\" data-e-type=\"container\">\n\t\t<div class=\"elementor-element elementor-element-cceafae e-con-full e-flex e-con e-child\" data-id=\"cceafae\" data-element_type=\"container\" data-e-type=\"container\">\n\t\t\t\t<div class=\"elementor-element elementor-element-bfa8447 elementor-widget elementor-widget-text-editor\" data-id=\"bfa8447\" data-element_type=\"widget\" data-e-type=\"widget\" data-widget_type=\"text-editor.default\">\n\t\t\t\t<div class=\"elementor-widget-container\">\n\t\t\t\t\t\t\t\t\t<h3 class=\"\" data-start=\"760\" data-end=\"809\"><strong data-start=\"764\" data-end=\"809\">Chronix<br \/>Pages de l&#8217;Histoire de l&#8217;Alg\u00e9rie<\/strong><\/h3><p class=\"\" data-start=\"811\" data-end=\"884\"><strong data-start=\"811\" data-end=\"884\">L&#8217;application qui vous fait revivre l&#8217;histoire glorieuse de l&#8217;Alg\u00e9rie<\/strong><\/p><p class=\"\" data-start=\"886\" data-end=\"1278\">L&#8217;application <strong data-start=\"900\" data-end=\"945\">Chronix: Pages de l&#8217;Histoire de l&#8217;Alg\u00e9rie<\/strong> est une application interactive innovante qui s&#8217;int\u00e9resse aux \u00e9v\u00e9nements majeurs de l&#8217;histoire de l&#8217;Alg\u00e9rie, de la R\u00e9volution de Lib\u00e9ration Nationale aux r\u00e9sistances populaires, en passant par le r\u00f4le de la <strong data-start=\"1153\" data-end=\"1186\">Soci\u00e9t\u00e9 des Oul\u00e9mas Musulmans<\/strong> et d&#8217;autres \u00e9v\u00e9nements et figures qui ont contribu\u00e9 \u00e0 la construction de l&#8217;Alg\u00e9rie moderne.<\/p><p class=\"\" data-start=\"1280\" data-end=\"1691\">Gr\u00e2ce \u00e0 <strong data-start=\"1288\" data-end=\"1299\">Chronix<\/strong>, vous pouvez explorer des d\u00e9tails pr\u00e9cis sur la guerre de lib\u00e9ration, le r\u00f4le des moudjahidines h\u00e9ro\u00efques et les \u00e9tapes cruciales qu\u2019a travers\u00e9es l&#8217;Alg\u00e9rie sur le chemin de son ind\u00e9pendance. Vous pourrez \u00e9galement d\u00e9couvrir les pionniers de la pens\u00e9e et de la culture qui ont marqu\u00e9 le renouveau de l&#8217;Alg\u00e9rie et documenter la m\u00e9moire des h\u00e9ros de la r\u00e9volution et de la r\u00e9sistance populaire.<\/p><p class=\"\" data-start=\"1693\" data-end=\"1846\"><strong data-start=\"1693\" data-end=\"1846\">Pr\u00e9parez-vous \u00e0 une exp\u00e9rience interactive riche en informations et plongez au c\u0153ur de l&#8217;histoire de l&#8217;Alg\u00e9rie avec cette application exceptionnelle.<\/strong><\/p>\t\t\t\t\t\t\t\t<\/div>\n\t\t\t\t<\/div>\n\t\t\t\t<\/div>\n\t\t<div class=\"elementor-element elementor-element-05f13ef e-con-full e-flex e-con e-child\" data-id=\"05f13ef\" data-element_type=\"container\" data-e-type=\"container\">\n\t\t\t\t<div class=\"elementor-element elementor-element-02c5815 elementor-widget elementor-widget-image\" data-id=\"02c5815\" data-element_type=\"widget\" data-e-type=\"widget\" data-widget_type=\"image.default\">\n\t\t\t\t<div class=\"elementor-widget-container\">\n\t\t\t\t\t\t\t\t\t\t\t\t<figure class=\"wp-caption\">\n\t\t\t\t\t\t\t\t\t\t<img decoding=\"async\" width=\"150\" height=\"150\" src=\"https:\/\/museenat-moudjahid.dz\/wp-content\/uploads\/2025\/04\/Android-APK-file-150x150.png\" class=\"attachment-thumbnail size-thumbnail wp-image-4299\" alt=\"\" srcset=\"https:\/\/museenat-moudjahid.dz\/wp-content\/uploads\/2025\/04\/Android-APK-file-150x150.png 150w, https:\/\/museenat-moudjahid.dz\/wp-content\/uploads\/2025\/04\/Android-APK-file-300x300.png 300w, https:\/\/museenat-moudjahid.dz\/wp-content\/uploads\/2025\/04\/Android-APK-file.png 384w\" sizes=\"(max-width: 150px) 100vw, 150px\" \/>\t\t\t\t\t\t\t\t\t\t\t<figcaption class=\"widget-image-caption wp-caption-text\">Chronix \u0635\u0641\u062d\u0627\u062a \u0645\u0646 \u062a\u0627\u0631\u064a\u062e \u0627\u0644\u062c\u0632\u0627\u0626\u0631<\/figcaption>\n\t\t\t\t\t\t\t\t\t\t<\/figure>\n\t\t\t\t\t\t\t\t\t<\/div>\n\t\t\t\t<\/div>\n\t\t\t\t<div class=\"elementor-element elementor-element-111ac3f elementor-align-center elementor-widget elementor-widget-button\" data-id=\"111ac3f\" data-element_type=\"widget\" data-e-type=\"widget\" data-widget_type=\"button.default\">\n\t\t\t\t<div class=\"elementor-widget-container\">\n\t\t\t\t\t\t\t\t\t<div class=\"elementor-button-wrapper\">\n\t\t\t\t\t<a class=\"elementor-button elementor-button-link elementor-size-sm\" href=\"\/wp-content\/uploads\/com.sawarii.chronix.apk\">\n\t\t\t\t\t\t<span class=\"elementor-button-content-wrapper\">\n\t\t\t\t\t\t\t\t\t<span class=\"elementor-button-text\">T\u00e9l\u00e9charger l'application ( APK )<\/span>\n\t\t\t\t\t<\/span>\n\t\t\t\t\t<\/a>\n\t\t\t\t<\/div>\n\t\t\t\t\t\t\t\t<\/div>\n\t\t\t\t<\/div>\n\t\t\t\t<div class=\"elementor-element elementor-element-983927d elementor-widget elementor-widget-text-editor\" data-id=\"983927d\" data-element_type=\"widget\" data-e-type=\"widget\" data-widget_type=\"text-editor.default\">\n\t\t\t\t<div class=\"elementor-widget-container\">\n\t\t\t\t\t\t\t\t\t<p class=\"\" data-start=\"210\" data-end=\"349\">T\u00e9l\u00e9chargez d\u00e8s maintenant l&#8217;application Chronix et profitez d&#8217;une exp\u00e9rience interactive unique pour explorer l&#8217;histoire de l&#8217;Alg\u00e9rie.<\/p><p class=\"\" data-start=\"351\" data-end=\"385\">\u00a0<\/p>\t\t\t\t\t\t\t\t<\/div>\n\t\t\t\t<\/div>\n\t\t\t\t<\/div>\n\t\t\t\t<\/div>\n\t\t\t\t<\/div>\n\t\t\t\t\t<\/div>\n\t\t\t\t<\/div>\n\t\t\t\t<\/div>\n\t\t","protected":false},"excerpt":{"rendered":"<p>Applications Ici, vous trouverez de nombreuses applications choisies sp\u00e9cialement pour vous Explorez plus d&#8217;applications interactives riches en informations Au Mus\u00e9e National du Moudjahid, nous vous proposons une s\u00e9lection d&#8217;applications soigneusement [&hellip;]<\/p>\n","protected":false},"author":1,"featured_media":0,"parent":0,"menu_order":0,"comment_status":"closed","ping_status":"closed","template":"","meta":{"site-sidebar-layout":"no-sidebar","site-content-layout":"page-builder","ast-site-content-layout":"full-width-container","site-content-style":"unboxed","site-sidebar-style":"unboxed","ast-global-header-display":"","ast-banner-title-visibility":"","ast-main-header-display":"","ast-hfb-above-header-display":"","ast-hfb-below-header-display":"","ast-hfb-mobile-header-display":"","site-post-title":"disabled","ast-breadcrumbs-content":"disabled","ast-featured-img":"disabled","footer-sml-layout":"","ast-disable-related-posts":"","theme-transparent-header-meta":"enabled","adv-header-id-meta":"","stick-header-meta":"","header-above-stick-meta":"","header-main-stick-meta":"","header-below-stick-meta":"","astra-migrate-meta-layouts":"set","ast-page-background-enabled":"default","ast-page-background-meta":{"desktop":{"background-color":"","background-image":"","background-repeat":"repeat","background-position":"center center","background-size":"auto","background-attachment":"scroll","background-type":"","background-media":"","overlay-type":"","overlay-color":"","overlay-opacity":"","overlay-gradient":""},"tablet":{"background-color":"","background-image":"","background-repeat":"repeat","background-position":"center center","background-size":"auto","background-attachment":"scroll","background-type":"","background-media":"","overlay-type":"","overlay-color":"","overlay-opacity":"","overlay-gradient":""},"mobile":{"background-color":"","background-image":"","background-repeat":"repeat","background-position":"center center","background-size":"auto","background-attachment":"scroll","background-type":"","background-media":"","overlay-type":"","overlay-color":"","overlay-opacity":"","overlay-gradient":""}},"ast-content-background-meta":{"desktop":{"background-color":"var(--ast-global-color-5)","background-image":"","background-repeat":"repeat","background-position":"center center","background-size":"auto","background-attachment":"scroll","background-type":"","background-media":"","overlay-type":"","overlay-color":"","overlay-opacity":"","overlay-gradient":""},"tablet":{"background-color":"var(--ast-global-color-5)","background-image":"","background-repeat":"repeat","background-position":"center center","background-size":"auto","background-attachment":"scroll","background-type":"","background-media":"","overlay-type":"","overlay-color":"","overlay-opacity":"","overlay-gradient":""},"mobile":{"background-color":"var(--ast-global-color-5)","background-image":"","background-repeat":"repeat","background-position":"center center","background-size":"auto","background-attachment":"scroll","background-type":"","background-media":"","overlay-type":"","overlay-color":"","overlay-opacity":"","overlay-gradient":""}},"_EventAllDay":false,"_EventTimezone":"","_EventStartDate":"","_EventEndDate":"","_EventStartDateUTC":"","_EventEndDateUTC":"","_EventShowMap":false,"_EventShowMapLink":false,"_EventURL":"","_EventCost":"","_EventCostDescription":"","_EventCurrencySymbol":"","_EventCurrencyCode":"","_EventCurrencyPosition":"","_EventDateTimeSeparator":"","_EventTimeRangeSeparator":"","_EventOrganizerID":[],"_EventVenueID":[],"_OrganizerEmail":"","_OrganizerPhone":"","_OrganizerWebsite":"","_VenueAddress":"","_VenueCity":"","_VenueCountry":"","_VenueProvince":"","_VenueState":"","_VenueZip":"","_VenuePhone":"","_VenueURL":"","_VenueStateProvince":"","_VenueLat":"","_VenueLng":"","_VenueShowMap":false,"_VenueShowMapLink":false,"footnotes":"","_links_to":"","_links_to_target":""},"class_list":["post-4319","page","type-page","status-publish","hentry"],"_links":{"self":[{"href":"https:\/\/museenat-moudjahid.dz\/index.php?rest_route=\/wp\/v2\/pages\/4319","targetHints":{"allow":["GET"]}}],"collection":[{"href":"https:\/\/museenat-moudjahid.dz\/index.php?rest_route=\/wp\/v2\/pages"}],"about":[{"href":"https:\/\/museenat-moudjahid.dz\/index.php?rest_route=\/wp\/v2\/types\/page"}],"author":[{"embeddable":true,"href":"https:\/\/museenat-moudjahid.dz\/index.php?rest_route=\/wp\/v2\/users\/1"}],"replies":[{"embeddable":true,"href":"https:\/\/museenat-moudjahid.dz\/index.php?rest_route=%2Fwp%2Fv2%2Fcomments&post=4319"}],"version-history":[{"count":10,"href":"https:\/\/museenat-moudjahid.dz\/index.php?rest_route=\/wp\/v2\/pages\/4319\/revisions"}],"predecessor-version":[{"id":4335,"href":"https:\/\/museenat-moudjahid.dz\/index.php?rest_route=\/wp\/v2\/pages\/4319\/revisions\/4335"}],"wp:attachment":[{"href":"https:\/\/museenat-moudjahid.dz\/index.php?rest_route=%2Fwp%2Fv2%2Fmedia&parent=4319"}],"curies":[{"name":"wp","href":"https:\/\/api.w.org\/{rel}","templated":true}]}}